{"id":125,"date":"2020-01-15T20:36:34","date_gmt":"2020-01-15T20:36:34","guid":{"rendered":"http:\/\/my-glutenfree-moments.com\/?page_id=125"},"modified":"2022-04-11T06:46:26","modified_gmt":"2022-04-11T06:46:26","slug":"kontakt","status":"publish","type":"page","link":"http:\/\/my-glutenfree-moments.com\/?page_id=125","title":{"rendered":"Kontakt"},"content":{"rendered":"\n<h2>Kooperation<\/h2>\n\n\n\n<p>Neue Projekte und Ideen rund um das Thema glutenfreie und gesunde Ern\u00e4hrung und ein Leben mit Lebensmittelunvertr\u00e4glichkeiten? Ich freue mich darauf!<\/p>\n\n\n\n<p>Nach all den glutenfreien Jahren habe ich mir einen gro\u00dfen Werkzeugkoffer im Bereich der glutenfreien Ern\u00e4hrung und dem Leben mit Lebensmittelunvertr\u00e4glichkeiten anlegen k\u00f6nnen. Aus diesem Koffer k\u00f6nnen wir gemeinsam sch\u00f6pfen.&nbsp;<\/p>\n\n\n\n<p>Gerne kreiere ich f\u00fcr Sie und Ihre Produkte neue glutenfreie Rezepte und Gerichte. Gerne k\u00f6nnen wir gemeinsam neue Ideen und Projekte entwickeln!<\/p>\n\n\n\n<p><\/p>\n\n\n\n<h2>Kontakt<\/h2>\n\n\n\n<p>Ich freue mich \u00fcber Ihre Anfrage per Mail an: <strong><a rel=\"noreferrer noopener\" href=\"mailto:my-glutenfree-moments@hotmail.com\" target=\"_blank\">my-glutenfree-moments@hotmail.com<\/a><\/strong><\/p>\n\n\n\n<p>Nutzen Sie auch gerne mein Kontaktformular:<\/p>\n\n\n<div role=\"form\" class=\"wpcf7\" id=\"wpcf7-f124-o1\" lang=\"de-DE\" dir=\"ltr\">\n<div class=\"screen-reader-response\"><\/div>\n<form action=\"\/index.php?rest_route=%2Fwp%2Fv2%2Fpages%2F125#wpcf7-f124-o1\" method=\"post\" class=\"wpcf7-form\" novalidate=\"novalidate\">\n<div style=\"display: none;\">\n<input type=\"hidden\" name=\"_wpcf7\" value=\"124\" \/>\n<input type=\"hidden\" name=\"_wpcf7_version\" value=\"5.1.6\" \/>\n<input type=\"hidden\" name=\"_wpcf7_locale\" value=\"de_DE\" \/>\n<input type=\"hidden\" name=\"_wpcf7_unit_tag\" value=\"wpcf7-f124-o1\" \/>\n<input type=\"hidden\" name=\"_wpcf7_container_post\" value=\"0\" \/>\n<\/div>\n<p><label> Dein Name (Pflichtfeld)<br \/>\n    <span class=\"wpcf7-form-control-wrap your-name\"><input type=\"text\" name=\"your-name\" value=\"\" size=\"40\" class=\"wpcf7-form-control wpcf7-text wpcf7-validates-as-required\" aria-required=\"true\" aria-invalid=\"false\" \/><\/span> <\/label><\/p>\n<p><label> Deine E-Mail-Adresse (Pflichtfeld)<br \/>\n    <span class=\"wpcf7-form-control-wrap your-email\"><input type=\"email\" name=\"your-email\" value=\"\" size=\"40\" class=\"wpcf7-form-control wpcf7-text wpcf7-email wpcf7-validates-as-required wpcf7-validates-as-email\" aria-required=\"true\" aria-invalid=\"false\" \/><\/span> <\/label><\/p>\n<p><label> Betreff<br \/>\n    <span class=\"wpcf7-form-control-wrap your-subject\"><input type=\"text\" name=\"your-subject\" value=\"\" size=\"40\" class=\"wpcf7-form-control wpcf7-text\" aria-invalid=\"false\" \/><\/span> <\/label><\/p>\n<p><label> Deine Nachricht<br \/>\n    <span class=\"wpcf7-form-control-wrap your-message\"><textarea name=\"your-message\" cols=\"40\" rows=\"10\" class=\"wpcf7-form-control wpcf7-textarea\" aria-invalid=\"false\"><\/textarea><\/span> <\/label><\/p>\n<p><input type=\"submit\" value=\"Senden\" class=\"wpcf7-form-control wpcf7-submit\" \/><\/p>\n<div class=\"wpcf7-response-output wpcf7-display-none\"><\/div><\/form><\/div>\n","protected":false},"excerpt":{"rendered":"<p>Kooperation Neue Projekte und Ideen rund um das Thema glutenfreie und gesunde Ern\u00e4hrung und ein Leben mit Lebensmittelunvertr\u00e4glichkeiten? Ich freue mich darauf! Nach all den glutenfreien Jahren habe ich mir einen gro\u00dfen Werkzeugkoffer im Bereich der glutenfreien Ern\u00e4hrung und dem Leben mit Lebensmittelunvertr\u00e4glichkeiten anlegen k\u00f6nnen. Aus diesem Koffer k\u00f6nnen wir gemeinsam sch\u00f6pfen.&nbsp; Gerne kreiere ich &hellip; <\/p>\n","protected":false},"author":1,"featured_media":0,"parent":0,"menu_order":0,"comment_status":"closed","ping_status":"closed","template":"","meta":{"wprm-recipe-roundup-name":"","wprm-recipe-roundup-description":""},"_links":{"self":[{"href":"http:\/\/my-glutenfree-moments.com\/index.php?rest_route=\/wp\/v2\/pages\/125"}],"collection":[{"href":"http:\/\/my-glutenfree-moments.com\/index.php?rest_route=\/wp\/v2\/pages"}],"about":[{"href":"http:\/\/my-glutenfree-moments.com\/index.php?rest_route=\/wp\/v2\/types\/page"}],"author":[{"embeddable":true,"href":"http:\/\/my-glutenfree-moments.com\/index.php?rest_route=\/wp\/v2\/users\/1"}],"replies":[{"embeddable":true,"href":"http:\/\/my-glutenfree-moments.com\/index.php?rest_route=%2Fwp%2Fv2%2Fcomments&post=125"}],"version-history":[{"count":4,"href":"http:\/\/my-glutenfree-moments.com\/index.php?rest_route=\/wp\/v2\/pages\/125\/revisions"}],"predecessor-version":[{"id":836,"href":"http:\/\/my-glutenfree-moments.com\/index.php?rest_route=\/wp\/v2\/pages\/125\/revisions\/836"}],"wp:attachment":[{"href":"http:\/\/my-glutenfree-moments.com\/index.php?rest_route=%2Fwp%2Fv2%2Fmedia&parent=125"}],"curies":[{"name":"wp","href":"https:\/\/api.w.org\/{rel}","templated":true}]}}