{"id":139,"date":"2020-01-16T22:19:50","date_gmt":"2020-01-16T22:19:50","guid":{"rendered":"http:\/\/my-glutenfree-moments.com\/?page_id=139"},"modified":"2023-10-04T08:15:25","modified_gmt":"2023-10-04T08:15:25","slug":"zoeli-wohnt-in-meinem-bauch","status":"publish","type":"page","link":"https:\/\/my-glutenfree-moments.com\/?page_id=139","title":{"rendered":"Z\u00f6li wohnt in meinem Bauch"},"content":{"rendered":"\n<p>Darf ich vorstellen\u2026? Das ist \u201eZ\u00f6li\u201c!<\/p>\n\n\n\n<p>Z\u00f6li ist ein kleines, strubbeliges Monsterchen mit goldenen Haaren, das im Bauch meines Sohnes Skateboard f\u00e4hrt! H\u00f6rt sich lustig an, oder? Das allerdings war seine Erkl\u00e4rung, als ich ihn im Alter von 4 Jahren gefragt habe wie er sich die Z\u00f6liakie in seinem Bauch vorstellt.<\/p>\n\n\n\n<p>Ich war damals, ehrlich gesagt, \u00fcber seine Erkl\u00e4rung sehr \u00fcberrascht. Dann habe ich aber zum Stift gegriffen und ein Bild von seiner Beschreibung gemalt. So wurde das kleine Monsterchen Z\u00f6li geboren.<\/p>\n\n\n\n<p>Nat\u00fcrlich konnte er mit 4 Jahren noch nicht richtig verstehen, was wirklich in seinem Bauch passiert und warum er pl\u00f6tzlich so anders essen musste als er es gewohnt war. Da ich es ihm aber so gerne erkl\u00e4ren wollte, habe ich ihm die Geschichte des kleinen Jungen Fridolin aufgeschrieben:<\/p>\n\n\n\n<p>Fridolin Hundertwasser leidet seit einiger Zeit unter starken Bauchschmerzen. Weil er Angst hat, dass sie nie wieder weg gehen, nimmt sein Arzt viele Untersuchungen vor und stellt fest, dass Fridolin ungebetenen Besuch bekommen hat \u2013 die Z\u00f6liakie, von Fridolin liebevoll Z\u00f6li genannt. <br>Z\u00f6li ist ein kleines, strubbeliges Monsterchen, das mit Vorliebe an Fridolins Darmzotten herumknabbert, wenn dieser etwas Falsches gegessen hat. Sie liebt es, Fridolin zu \u00e4rgern und m\u00f6chte ihm damit zeigen, dass sie mit seinen bisherigen Essvorlieben so gar nicht einverstanden ist. Fridolin lernt in der Geschichte was es mit dem \u203aKlebstoff\u2039 Gluten auf sich hat und was es bedeutet, wenn die Darmzotten von der Z\u00f6liakie angegriffen werden. Er lernt, welche Lebensmittel er in Zukunft meiden muss, vor allem aber auch, was er alles essen darf. <br>Fridolin und Z\u00f6li freunden sich an und beginnen, ihren Alltag gemeinsam zu meistern.<\/p>\n\n\n\n<p>Um auch anderen Kindern, die die Diagnose Z\u00f6liakie erhalten haben, spielerisch zu erkl\u00e4ren, was Z\u00f6liakie ist und wie man mit ihr umgehen kann, wurde Z\u00f6li 2017 als Kinderbuch ver\u00f6ffentlicht. 2023 wurde Z\u00f6li \u00fcberarbeitet und ist nun als Neuauflage im Buchhandel erh\u00e4ltlich.<\/p>\n\n\n\n<p>Hier kommt ihr direkt zum Buch <a href=\"https:\/\/www.bod.de\/buchshop\/zoeli-wohnt-in-meinem-bauch-maren-lindemann-9783757878641\">Z\u00f6li wohnt in meinem Bauch<\/a>. Z\u00f6li ist aber auch in jedem Buchgesch\u00e4ft eurer Wahl als Paperback oder Ebook bestellbar! Ich w\u00fcnsche euch viel Spa\u00df beim Lesen!<\/p>\n\n\n\n<div class=\"wp-block-image\"><figure class=\"aligncenter size-full\"><img loading=\"lazy\" width=\"289\" height=\"460\" src=\"http:\/\/my-glutenfree-moments.com\/wp-content\/uploads\/2023\/10\/1696403775075-1.jpg\" alt=\"\" class=\"wp-image-1955\" srcset=\"https:\/\/my-glutenfree-moments.com\/wp-content\/uploads\/2023\/10\/1696403775075-1.jpg 289w, https:\/\/my-glutenfree-moments.com\/wp-content\/uploads\/2023\/10\/1696403775075-1-188x300.jpg 188w, https:\/\/my-glutenfree-moments.com\/wp-content\/uploads\/2023\/10\/1696403775075-1-38x60.jpg 38w\" sizes=\"(max-width: 289px) 100vw, 289px\" \/><figcaption>Z\u00d6LI WOHNT IN MEINEM BAUCH<\/figcaption><\/figure><\/div>\n\n\n\n<p><\/p>\n","protected":false},"excerpt":{"rendered":"<p>Darf ich vorstellen\u2026? Das ist \u201eZ\u00f6li\u201c! Z\u00f6li ist ein kleines, strubbeliges Monsterchen mit goldenen Haaren, das im Bauch meines Sohnes Skateboard f\u00e4hrt! H\u00f6rt sich lustig an, oder? Das allerdings war seine Erkl\u00e4rung, als ich ihn im Alter von 4 Jahren gefragt habe wie er sich die Z\u00f6liakie in seinem Bauch vorstellt. Ich war damals, ehrlich &hellip; <\/p>\n","protected":false},"author":1,"featured_media":1957,"parent":0,"menu_order":0,"comment_status":"closed","ping_status":"closed","template":"","meta":{"wprm-recipe-roundup-name":"","wprm-recipe-roundup-description":""},"_links":{"self":[{"href":"https:\/\/my-glutenfree-moments.com\/index.php?rest_route=\/wp\/v2\/pages\/139"}],"collection":[{"href":"https:\/\/my-glutenfree-moments.com\/index.php?rest_route=\/wp\/v2\/pages"}],"about":[{"href":"https:\/\/my-glutenfree-moments.com\/index.php?rest_route=\/wp\/v2\/types\/page"}],"author":[{"embeddable":true,"href":"https:\/\/my-glutenfree-moments.com\/index.php?rest_route=\/wp\/v2\/users\/1"}],"replies":[{"embeddable":true,"href":"https:\/\/my-glutenfree-moments.com\/index.php?rest_route=%2Fwp%2Fv2%2Fcomments&post=139"}],"version-history":[{"count":8,"href":"https:\/\/my-glutenfree-moments.com\/index.php?rest_route=\/wp\/v2\/pages\/139\/revisions"}],"predecessor-version":[{"id":1956,"href":"https:\/\/my-glutenfree-moments.com\/index.php?rest_route=\/wp\/v2\/pages\/139\/revisions\/1956"}],"wp:featuredmedia":[{"embeddable":true,"href":"https:\/\/my-glutenfree-moments.com\/index.php?rest_route=\/wp\/v2\/media\/1957"}],"wp:attachment":[{"href":"https:\/\/my-glutenfree-moments.com\/index.php?rest_route=%2Fwp%2Fv2%2Fmedia&parent=139"}],"curies":[{"name":"wp","href":"https:\/\/api.w.org\/{rel}","templated":true}]}}